{"id":3613,"date":"2021-09-02T21:34:46","date_gmt":"2021-09-02T19:34:46","guid":{"rendered":"https:\/\/www.voquz.com\/news\/"},"modified":"2021-09-02T21:34:46","modified_gmt":"2021-09-02T19:34:46","slug":"news","status":"publish","type":"page","link":"https:\/\/its.voquz.com\/en\/news\/","title":{"rendered":"News"},"content":{"rendered":"\t\t<div data-elementor-type=\"wp-page\" data-elementor-id=\"3613\" class=\"elementor elementor-3613\" data-elementor-post-type=\"page\">\n\t\t\t\t\t\t<section class=\"elementor-section elementor-top-section elementor-element elementor-element-2e15232 elementor-section-boxed elementor-section-height-default elementor-section-height-default\" data-id=\"2e15232\" data-element_type=\"section\" data-e-type=\"section\">\n\t\t\t\t\t\t<div class=\"elementor-container elementor-column-gap-default\">\n\t\t\t\t\t<div class=\"elementor-column elementor-col-50 elementor-top-column elementor-element elementor-element-ebebd2f\" data-id=\"ebebd2f\" data-element_type=\"column\" data-e-type=\"column\">\n\t\t\t<div class=\"elementor-widget-wrap elementor-element-populated\">\n\t\t\t\t\t\t<section class=\"elementor-section elementor-inner-section elementor-element elementor-element-8c3e089 elementor-section-boxed elementor-section-height-default elementor-section-height-default\" data-id=\"8c3e089\" data-element_type=\"section\" data-e-type=\"section\">\n\t\t\t\t\t\t<div class=\"elementor-container elementor-column-gap-default\">\n\t\t\t\t\t<div class=\"elementor-column elementor-col-100 elementor-inner-column elementor-element elementor-element-c5f8414\" data-id=\"c5f8414\" data-element_type=\"column\" data-e-type=\"column\">\n\t\t\t<div class=\"elementor-widget-wrap elementor-element-populated\">\n\t\t\t\t\t\t<div class=\"elementor-element elementor-element-dd1e572 elementor-widget elementor-widget-heading\" data-id=\"dd1e572\" data-element_type=\"widget\" data-e-type=\"widget\" data-widget_type=\"heading.default\">\n\t\t\t\t<div class=\"elementor-widget-container\">\n\t\t\t\t\t<h1 class=\"elementor-heading-title elementor-size-default\">News<\/h1>\t\t\t\t<\/div>\n\t\t\t\t<\/div>\n\t\t\t\t\t<\/div>\n\t\t<\/div>\n\t\t\t\t\t<\/div>\n\t\t<\/section>\n\t\t\t\t\t<\/div>\n\t\t<\/div>\n\t\t\t\t<div class=\"elementor-column elementor-col-50 elementor-top-column elementor-element elementor-element-2fea086\" data-id=\"2fea086\" data-element_type=\"column\" data-e-type=\"column\">\n\t\t\t<div class=\"elementor-widget-wrap\">\n\t\t\t\t\t\t\t<\/div>\n\t\t<\/div>\n\t\t\t\t\t<\/div>\n\t\t<\/section>\n\t\t\t\t<section class=\"elementor-section elementor-top-section elementor-element elementor-element-d030408 elementor-section-boxed elementor-section-height-default elementor-section-height-default\" data-id=\"d030408\" data-element_type=\"section\" data-e-type=\"section\">\n\t\t\t\t\t\t<div class=\"elementor-container elementor-column-gap-default\">\n\t\t\t\t\t<div class=\"elementor-column elementor-col-100 elementor-top-column elementor-element elementor-element-87282b3\" data-id=\"87282b3\" data-element_type=\"column\" data-e-type=\"column\">\n\t\t\t<div class=\"elementor-widget-wrap\">\n\t\t\t\t\t\t\t<\/div>\n\t\t<\/div>\n\t\t\t\t\t<\/div>\n\t\t<\/section>\n\t\t\t\t<\/div>\n\t\t","protected":false},"excerpt":{"rendered":"<p>News DIE VOQUZ LABS W\u00c4CHST WEITER Das Unternehmen er\u00f6ffnet neue Standorte in London und Kapstadt Ismaning, December 11, 2019 &#8211; Ismaning, 11.12.2019 &#8211; Als f\u00fchrender Anbieter im SAP Lizenz-, Berechtigungs- &#038; Compliance-Management f\u00fcr SAP Software ist es das Ziel der VOQUZ Labs, SAP-Kunden auf der ganzen Welt zu unterst\u00fctzen. Deshalb setzt das Unternehmen seine Expansion [&hellip;]<\/p>\n","protected":false},"author":3,"featured_media":0,"parent":0,"menu_order":0,"comment_status":"closed","ping_status":"closed","template":"","meta":{"footnotes":""},"class_list":["post-3613","page","type-page","status-publish","hentry"],"yoast_head":"<!-- This site is optimized with the Yoast SEO plugin v27.2 - https:\/\/yoast.com\/product\/yoast-seo-wordpress\/ -->\n<title>News - VOQUZ ITS<\/title>\n<meta name=\"robots\" content=\"index, follow, max-snippet:-1, max-image-preview:large, max-video-preview:-1\" \/>\n<link rel=\"canonical\" href=\"https:\/\/its.voquz.com\/en\/news\/\" \/>\n<meta property=\"og:locale\" content=\"en_US\" \/>\n<meta property=\"og:type\" content=\"article\" \/>\n<meta property=\"og:title\" content=\"News - VOQUZ ITS\" \/>\n<meta property=\"og:description\" content=\"News DIE VOQUZ LABS W\u00c4CHST WEITER Das Unternehmen er\u00f6ffnet neue Standorte in London und Kapstadt Ismaning, December 11, 2019 &#8211; Ismaning, 11.12.2019 &#8211; Als f\u00fchrender Anbieter im SAP Lizenz-, Berechtigungs- &#038; Compliance-Management f\u00fcr SAP Software ist es das Ziel der VOQUZ Labs, SAP-Kunden auf der ganzen Welt zu unterst\u00fctzen. Deshalb setzt das Unternehmen seine Expansion [&hellip;]\" \/>\n<meta property=\"og:url\" content=\"https:\/\/its.voquz.com\/en\/news\/\" \/>\n<meta property=\"og:site_name\" content=\"VOQUZ ITS\" \/>\n<meta name=\"twitter:card\" content=\"summary_large_image\" \/>\n<meta name=\"twitter:label1\" content=\"Est. reading time\" \/>\n\t<meta name=\"twitter:data1\" content=\"2 minutes\" \/>\n<script type=\"application\/ld+json\" class=\"yoast-schema-graph\">{\"@context\":\"https:\/\/schema.org\",\"@graph\":[{\"@type\":\"WebPage\",\"@id\":\"https:\/\/its.voquz.com\/en\/news\/\",\"url\":\"https:\/\/its.voquz.com\/en\/news\/\",\"name\":\"News - VOQUZ ITS\",\"isPartOf\":{\"@id\":\"https:\/\/its.voquz.com\/en\/#website\"},\"datePublished\":\"2021-09-02T19:34:46+00:00\",\"breadcrumb\":{\"@id\":\"https:\/\/its.voquz.com\/en\/news\/#breadcrumb\"},\"inLanguage\":\"en-US\",\"potentialAction\":[{\"@type\":\"ReadAction\",\"target\":[\"https:\/\/its.voquz.com\/en\/news\/\"]}]},{\"@type\":\"BreadcrumbList\",\"@id\":\"https:\/\/its.voquz.com\/en\/news\/#breadcrumb\",\"itemListElement\":[{\"@type\":\"ListItem\",\"position\":1,\"name\":\"Home\",\"item\":\"https:\/\/its.voquz.com\/en\/\"},{\"@type\":\"ListItem\",\"position\":2,\"name\":\"News\"}]},{\"@type\":\"WebSite\",\"@id\":\"https:\/\/its.voquz.com\/en\/#website\",\"url\":\"https:\/\/its.voquz.com\/en\/\",\"name\":\"VOQUZ ITS\",\"description\":\"\",\"publisher\":{\"@id\":\"https:\/\/its.voquz.com\/en\/#organization\"},\"potentialAction\":[{\"@type\":\"SearchAction\",\"target\":{\"@type\":\"EntryPoint\",\"urlTemplate\":\"https:\/\/its.voquz.com\/en\/?s={search_term_string}\"},\"query-input\":{\"@type\":\"PropertyValueSpecification\",\"valueRequired\":true,\"valueName\":\"search_term_string\"}}],\"inLanguage\":\"en-US\"},{\"@type\":\"Organization\",\"@id\":\"https:\/\/its.voquz.com\/en\/#organization\",\"name\":\"VOQUZ ITS\",\"url\":\"https:\/\/its.voquz.com\/en\/\",\"logo\":{\"@type\":\"ImageObject\",\"inLanguage\":\"en-US\",\"@id\":\"https:\/\/its.voquz.com\/en\/#\/schema\/logo\/image\/\",\"url\":\"https:\/\/its.voquz.com\/wp-content\/uploads\/2021\/06\/logo.svg\",\"contentUrl\":\"https:\/\/its.voquz.com\/wp-content\/uploads\/2021\/06\/logo.svg\",\"caption\":\"VOQUZ ITS\"},\"image\":{\"@id\":\"https:\/\/its.voquz.com\/en\/#\/schema\/logo\/image\/\"}}]}<\/script>\n<!-- \/ Yoast SEO plugin. -->","yoast_head_json":{"title":"News - VOQUZ ITS","robots":{"index":"index","follow":"follow","max-snippet":"max-snippet:-1","max-image-preview":"max-image-preview:large","max-video-preview":"max-video-preview:-1"},"canonical":"https:\/\/its.voquz.com\/en\/news\/","og_locale":"en_US","og_type":"article","og_title":"News - VOQUZ ITS","og_description":"News DIE VOQUZ LABS W\u00c4CHST WEITER Das Unternehmen er\u00f6ffnet neue Standorte in London und Kapstadt Ismaning, December 11, 2019 &#8211; Ismaning, 11.12.2019 &#8211; Als f\u00fchrender Anbieter im SAP Lizenz-, Berechtigungs- &#038; Compliance-Management f\u00fcr SAP Software ist es das Ziel der VOQUZ Labs, SAP-Kunden auf der ganzen Welt zu unterst\u00fctzen. Deshalb setzt das Unternehmen seine Expansion [&hellip;]","og_url":"https:\/\/its.voquz.com\/en\/news\/","og_site_name":"VOQUZ ITS","twitter_card":"summary_large_image","twitter_misc":{"Est. reading time":"2 minutes"},"schema":{"@context":"https:\/\/schema.org","@graph":[{"@type":"WebPage","@id":"https:\/\/its.voquz.com\/en\/news\/","url":"https:\/\/its.voquz.com\/en\/news\/","name":"News - VOQUZ ITS","isPartOf":{"@id":"https:\/\/its.voquz.com\/en\/#website"},"datePublished":"2021-09-02T19:34:46+00:00","breadcrumb":{"@id":"https:\/\/its.voquz.com\/en\/news\/#breadcrumb"},"inLanguage":"en-US","potentialAction":[{"@type":"ReadAction","target":["https:\/\/its.voquz.com\/en\/news\/"]}]},{"@type":"BreadcrumbList","@id":"https:\/\/its.voquz.com\/en\/news\/#breadcrumb","itemListElement":[{"@type":"ListItem","position":1,"name":"Home","item":"https:\/\/its.voquz.com\/en\/"},{"@type":"ListItem","position":2,"name":"News"}]},{"@type":"WebSite","@id":"https:\/\/its.voquz.com\/en\/#website","url":"https:\/\/its.voquz.com\/en\/","name":"VOQUZ ITS","description":"","publisher":{"@id":"https:\/\/its.voquz.com\/en\/#organization"},"potentialAction":[{"@type":"SearchAction","target":{"@type":"EntryPoint","urlTemplate":"https:\/\/its.voquz.com\/en\/?s={search_term_string}"},"query-input":{"@type":"PropertyValueSpecification","valueRequired":true,"valueName":"search_term_string"}}],"inLanguage":"en-US"},{"@type":"Organization","@id":"https:\/\/its.voquz.com\/en\/#organization","name":"VOQUZ ITS","url":"https:\/\/its.voquz.com\/en\/","logo":{"@type":"ImageObject","inLanguage":"en-US","@id":"https:\/\/its.voquz.com\/en\/#\/schema\/logo\/image\/","url":"https:\/\/its.voquz.com\/wp-content\/uploads\/2021\/06\/logo.svg","contentUrl":"https:\/\/its.voquz.com\/wp-content\/uploads\/2021\/06\/logo.svg","caption":"VOQUZ ITS"},"image":{"@id":"https:\/\/its.voquz.com\/en\/#\/schema\/logo\/image\/"}}]}},"_links":{"self":[{"href":"https:\/\/its.voquz.com\/en\/wp-json\/wp\/v2\/pages\/3613","targetHints":{"allow":["GET"]}}],"collection":[{"href":"https:\/\/its.voquz.com\/en\/wp-json\/wp\/v2\/pages"}],"about":[{"href":"https:\/\/its.voquz.com\/en\/wp-json\/wp\/v2\/types\/page"}],"author":[{"embeddable":true,"href":"https:\/\/its.voquz.com\/en\/wp-json\/wp\/v2\/users\/3"}],"replies":[{"embeddable":true,"href":"https:\/\/its.voquz.com\/en\/wp-json\/wp\/v2\/comments?post=3613"}],"version-history":[{"count":1,"href":"https:\/\/its.voquz.com\/en\/wp-json\/wp\/v2\/pages\/3613\/revisions"}],"predecessor-version":[{"id":3614,"href":"https:\/\/its.voquz.com\/en\/wp-json\/wp\/v2\/pages\/3613\/revisions\/3614"}],"wp:attachment":[{"href":"https:\/\/its.voquz.com\/en\/wp-json\/wp\/v2\/media?parent=3613"}],"curies":[{"name":"wp","href":"https:\/\/api.w.org\/{rel}","templated":true}]}}